{"id":3794,"date":"2026-05-04T12:03:28","date_gmt":"2026-05-04T15:03:28","guid":{"rendered":"https:\/\/www.jjgoldbr.com.br\/?post_type=product&#038;p=3794"},"modified":"2026-05-04T14:43:16","modified_gmt":"2026-05-04T17:43:16","slug":"kit-brinco-gota-prata","status":"publish","type":"product","link":"https:\/\/www.jjgoldbr.com.br\/?product=kit-brinco-gota-prata","title":{"rendered":"Brinco Gota Prata"},"content":{"rendered":"<p data-start=\"150\" data-end=\"389\">Elegante na simplicidade, o Brinco Gota Prata \u00e9 uma pe\u00e7a atemporal que traz sofistica\u00e7\u00e3o imediata ao visual. Seu design liso e polido em formato de gota reflete a luz de forma suave, criando um efeito moderno e refinado.<\/p>\n<p data-start=\"391\" data-end=\"497\">Perfeito para quem busca um acess\u00f3rio vers\u00e1til, que combina com tudo do look b\u00e1sico ao mais sofisticado.<\/p>\n<p data-start=\"499\" data-end=\"656\"><strong data-start=\"499\" data-end=\"513\">Destaques:<\/strong><br data-start=\"513\" data-end=\"516\" \/>\u2022 Design minimalista e elegante<br data-start=\"547\" data-end=\"550\" \/>\u2022 Acabamento liso com alto brilho<br data-start=\"583\" data-end=\"586\" \/>\u2022 Leve e confort\u00e1vel<br data-start=\"606\" data-end=\"609\" \/>\u2022 Ideal para uso di\u00e1rio ou ocasi\u00f5es especiais<\/p>\n<p data-start=\"658\" data-end=\"734\"><strong data-start=\"658\" data-end=\"677\">Especifica\u00e7\u00f5es:<\/strong><br data-start=\"677\" data-end=\"680\" \/>\u2022 Tipo: Semijoia<br data-start=\"696\" data-end=\"699\" \/>\u2022 Cor: Prata<br data-start=\"713\" data-end=\"716\" \/>\u2022 Fecho: Tarraxa<\/p>\n<p data-start=\"736\" data-end=\"940\"><strong data-start=\"736\" data-end=\"760\">Cuidados com a pe\u00e7a:<\/strong><br data-start=\"760\" data-end=\"763\" \/>Para maior durabilidade, evite contato com \u00e1gua, perfumes, cremes e produtos qu\u00edmicos. Guarde em local seco e evite atrito com outras pe\u00e7as para preservar o brilho e acabamento.<\/p>\n","protected":false},"excerpt":{"rendered":"<p>Elegante na simplicidade, o Brinco Gota Prata \u00e9 uma pe\u00e7a atemporal que traz sofistica\u00e7\u00e3o imediata ao visual. Seu design liso e polido em formato de gota reflete a luz de forma suave, criando um efeito moderno e refinado. Perfeito para quem busca um acess\u00f3rio vers\u00e1til, que combina com tudo do look b\u00e1sico ao mais sofisticado. [&hellip;]<\/p>\n","protected":false},"featured_media":3801,"template":"","meta":{"content-type":""},"product_brand":[],"product_cat":[33],"product_tag":[],"class_list":{"0":"post-3794","1":"product","2":"type-product","3":"status-publish","4":"has-post-thumbnail","6":"product_cat-brincos","8":"first","9":"instock","10":"sale","11":"featured","12":"shipping-taxable","13":"purchasable","14":"product-type-simple"},"_links":{"self":[{"href":"https:\/\/www.jjgoldbr.com.br\/index.php?rest_route=\/wp\/v2\/product\/3794","targetHints":{"allow":["GET"]}}],"collection":[{"href":"https:\/\/www.jjgoldbr.com.br\/index.php?rest_route=\/wp\/v2\/product"}],"about":[{"href":"https:\/\/www.jjgoldbr.com.br\/index.php?rest_route=\/wp\/v2\/types\/product"}],"wp:featuredmedia":[{"embeddable":true,"href":"https:\/\/www.jjgoldbr.com.br\/index.php?rest_route=\/wp\/v2\/media\/3801"}],"wp:attachment":[{"href":"https:\/\/www.jjgoldbr.com.br\/index.php?rest_route=%2Fwp%2Fv2%2Fmedia&parent=3794"}],"wp:term":[{"taxonomy":"product_brand","embeddable":true,"href":"https:\/\/www.jjgoldbr.com.br\/index.php?rest_route=%2Fwp%2Fv2%2Fproduct_brand&post=3794"},{"taxonomy":"product_cat","embeddable":true,"href":"https:\/\/www.jjgoldbr.com.br\/index.php?rest_route=%2Fwp%2Fv2%2Fproduct_cat&post=3794"},{"taxonomy":"product_tag","embeddable":true,"href":"https:\/\/www.jjgoldbr.com.br\/index.php?rest_route=%2Fwp%2Fv2%2Fproduct_tag&post=3794"}],"curies":[{"name":"wp","href":"https:\/\/api.w.org\/{rel}","templated":true}]}}