{"id":3780,"date":"2026-05-04T11:27:11","date_gmt":"2026-05-04T14:27:11","guid":{"rendered":"https:\/\/www.jjgoldbr.com.br\/?post_type=product&#038;p=3780"},"modified":"2026-05-04T14:40:15","modified_gmt":"2026-05-04T17:40:15","slug":"kit-brinco-semaninha","status":"publish","type":"product","link":"https:\/\/www.jjgoldbr.com.br\/?product=kit-brinco-semaninha","title":{"rendered":"Kit Brinco Semaninha dourado"},"content":{"rendered":"<p data-start=\"202\" data-end=\"493\">O Kit Brincos Semaninha \u00e9 perfeito para quem ama variar o visual com delicadeza e estilo todos os dias. Composto por 6 pares de brincos em designs modernos e femininos, ele traz op\u00e7\u00f5es que v\u00e3o do cl\u00e1ssico ao rom\u00e2ntico, permitindo combina\u00e7\u00f5es vers\u00e1teis para qualquer ocasi\u00e3o.<\/p>\n<p data-start=\"495\" data-end=\"602\">Com acabamento dourado elegante, cada pe\u00e7a foi pensada para valorizar sua beleza com leveza e sofistica\u00e7\u00e3o.<\/p>\n<p data-start=\"604\" data-end=\"850\"><strong data-start=\"604\" data-end=\"618\">Destaques:<\/strong><br data-start=\"618\" data-end=\"621\" \/>\u2022 Kit com 6 pares de brincos diferentes<br data-start=\"660\" data-end=\"663\" \/>\u2022 Modelos delicados e modernos (borboleta, n\u00f3, flor, ponto de luz e mais)<br data-start=\"736\" data-end=\"739\" \/>\u2022 Perfeito para usar no dia a dia<br data-start=\"772\" data-end=\"775\" \/>\u2022 Ideal para quem gosta de variar o look<br data-start=\"815\" data-end=\"818\" \/>\u2022 \u00d3tima op\u00e7\u00e3o para presente<\/p>\n<p data-start=\"852\" data-end=\"964\"><strong data-start=\"852\" data-end=\"871\">Especifica\u00e7\u00f5es:<\/strong><br data-start=\"871\" data-end=\"874\" \/>\u2022 Tipo: Semijoias<br data-start=\"891\" data-end=\"894\" \/>\u2022 Cor: Dourado<br data-start=\"908\" data-end=\"911\" \/>\u2022 Fecho: Tarraxa<br data-start=\"927\" data-end=\"930\" \/>\u2022 Quantidade: 6 pares (12 pe\u00e7as)<\/p>\n<p data-start=\"966\" data-end=\"1184\"><strong data-start=\"966\" data-end=\"992\">Cuidados com as pe\u00e7as:<\/strong><br data-start=\"992\" data-end=\"995\" \/>Para maior durabilidade das semijoias, evite contato com \u00e1gua, perfumes, cremes e produtos qu\u00edmicos. Guarde em local seco e evite atrito entre as pe\u00e7as para preservar o brilho e acabamento.<\/p>\n","protected":false},"excerpt":{"rendered":"<p>O Kit Brincos Semaninha \u00e9 perfeito para quem ama variar o visual com delicadeza e estilo todos os dias. Composto por 6 pares de brincos em designs modernos e femininos, ele traz op\u00e7\u00f5es que v\u00e3o do cl\u00e1ssico ao rom\u00e2ntico, permitindo combina\u00e7\u00f5es vers\u00e1teis para qualquer ocasi\u00e3o. Com acabamento dourado elegante, cada pe\u00e7a foi pensada para valorizar [&hellip;]<\/p>\n","protected":false},"featured_media":3812,"template":"","meta":{"content-type":""},"product_brand":[],"product_cat":[33,57],"product_tag":[],"class_list":{"0":"post-3780","1":"product","2":"type-product","3":"status-publish","4":"has-post-thumbnail","6":"product_cat-brincos","7":"product_cat-kits","9":"first","10":"instock","11":"sale","12":"shipping-taxable","13":"purchasable","14":"product-type-simple"},"_links":{"self":[{"href":"https:\/\/www.jjgoldbr.com.br\/index.php?rest_route=\/wp\/v2\/product\/3780","targetHints":{"allow":["GET"]}}],"collection":[{"href":"https:\/\/www.jjgoldbr.com.br\/index.php?rest_route=\/wp\/v2\/product"}],"about":[{"href":"https:\/\/www.jjgoldbr.com.br\/index.php?rest_route=\/wp\/v2\/types\/product"}],"wp:featuredmedia":[{"embeddable":true,"href":"https:\/\/www.jjgoldbr.com.br\/index.php?rest_route=\/wp\/v2\/media\/3812"}],"wp:attachment":[{"href":"https:\/\/www.jjgoldbr.com.br\/index.php?rest_route=%2Fwp%2Fv2%2Fmedia&parent=3780"}],"wp:term":[{"taxonomy":"product_brand","embeddable":true,"href":"https:\/\/www.jjgoldbr.com.br\/index.php?rest_route=%2Fwp%2Fv2%2Fproduct_brand&post=3780"},{"taxonomy":"product_cat","embeddable":true,"href":"https:\/\/www.jjgoldbr.com.br\/index.php?rest_route=%2Fwp%2Fv2%2Fproduct_cat&post=3780"},{"taxonomy":"product_tag","embeddable":true,"href":"https:\/\/www.jjgoldbr.com.br\/index.php?rest_route=%2Fwp%2Fv2%2Fproduct_tag&post=3780"}],"curies":[{"name":"wp","href":"https:\/\/api.w.org\/{rel}","templated":true}]}}