{"id":3779,"date":"2026-05-04T11:22:04","date_gmt":"2026-05-04T14:22:04","guid":{"rendered":"https:\/\/www.jjgoldbr.com.br\/?post_type=product&#038;p=3779"},"modified":"2026-05-04T14:55:51","modified_gmt":"2026-05-04T17:55:51","slug":"tornozeleira-inicial-letra-l-com-coracao","status":"publish","type":"product","link":"https:\/\/www.jjgoldbr.com.br\/?product=tornozeleira-inicial-letra-l-com-coracao","title":{"rendered":"Tornozeleira Inicial Letra L com cora\u00e7\u00e3o"},"content":{"rendered":"<p data-start=\"975\" data-end=\"1213\">Charmosa e personalizada, a Tornozeleira Inicial Letra L com Cora\u00e7\u00e3o \u00e9 ideal para quem deseja carregar um significado especial no acess\u00f3rio. Seu design delicado une eleg\u00e2ncia e romantismo em uma pe\u00e7a vers\u00e1til e atemporal.<\/p>\n<p data-start=\"1215\" data-end=\"1276\">Perfeita para complementar qualquer look com leveza e estilo.<\/p>\n<p data-start=\"1278\" data-end=\"1444\"><strong data-start=\"1278\" data-end=\"1292\">Destaques:<\/strong><br data-start=\"1292\" data-end=\"1295\" \/>\u2022 Pingente com inicial \u201cL\u201d<br data-start=\"1321\" data-end=\"1324\" \/>\u2022 Detalhe rom\u00e2ntico de cora\u00e7\u00e3o\u00a0<br data-start=\"1357\" data-end=\"1360\" \/>\u2022 Design delicado e elegante<br data-start=\"1388\" data-end=\"1391\" \/>\u2022 Ideal para uso di\u00e1rio<br data-start=\"1414\" data-end=\"1417\" \/>\u2022 \u00d3tima op\u00e7\u00e3o de presente<\/p>\n<p data-start=\"1446\" data-end=\"1534\"><strong data-start=\"1446\" data-end=\"1465\">Especifica\u00e7\u00f5es:<\/strong><br data-start=\"1465\" data-end=\"1468\" \/>\u2022 Tipo: Semijoia<br data-start=\"1484\" data-end=\"1487\" \/>\u2022 Cor: Dourado<br data-start=\"1501\" data-end=\"1504\" \/>\u2022 Fecho: Ajust\u00e1vel \/ Lagosta<\/p>\n<p data-start=\"1536\" data-end=\"1692\"><strong data-start=\"1536\" data-end=\"1560\">Cuidados com a pe\u00e7a:<\/strong><br data-start=\"1560\" data-end=\"1563\" \/>Para maior durabilidade, evite contato com \u00e1gua, perfumes e produtos qu\u00edmicos. Armazene em local seco e separado de outras pe\u00e7as.<\/p>\n","protected":false},"excerpt":{"rendered":"<p>Charmosa e personalizada, a Tornozeleira Inicial Letra L com Cora\u00e7\u00e3o \u00e9 ideal para quem deseja carregar um significado especial no acess\u00f3rio. Seu design delicado une eleg\u00e2ncia e romantismo em uma pe\u00e7a vers\u00e1til e atemporal. Perfeita para complementar qualquer look com leveza e estilo. Destaques:\u2022 Pingente com inicial \u201cL\u201d\u2022 Detalhe rom\u00e2ntico de cora\u00e7\u00e3o\u00a0\u2022 Design delicado e [&hellip;]<\/p>\n","protected":false},"featured_media":3805,"template":"","meta":{"content-type":""},"product_brand":[],"product_cat":[72],"product_tag":[],"class_list":{"0":"post-3779","1":"product","2":"type-product","3":"status-publish","4":"has-post-thumbnail","6":"product_cat-tornozeleira","8":"first","9":"instock","10":"sale","11":"shipping-taxable","12":"purchasable","13":"product-type-simple"},"_links":{"self":[{"href":"https:\/\/www.jjgoldbr.com.br\/index.php?rest_route=\/wp\/v2\/product\/3779","targetHints":{"allow":["GET"]}}],"collection":[{"href":"https:\/\/www.jjgoldbr.com.br\/index.php?rest_route=\/wp\/v2\/product"}],"about":[{"href":"https:\/\/www.jjgoldbr.com.br\/index.php?rest_route=\/wp\/v2\/types\/product"}],"wp:featuredmedia":[{"embeddable":true,"href":"https:\/\/www.jjgoldbr.com.br\/index.php?rest_route=\/wp\/v2\/media\/3805"}],"wp:attachment":[{"href":"https:\/\/www.jjgoldbr.com.br\/index.php?rest_route=%2Fwp%2Fv2%2Fmedia&parent=3779"}],"wp:term":[{"taxonomy":"product_brand","embeddable":true,"href":"https:\/\/www.jjgoldbr.com.br\/index.php?rest_route=%2Fwp%2Fv2%2Fproduct_brand&post=3779"},{"taxonomy":"product_cat","embeddable":true,"href":"https:\/\/www.jjgoldbr.com.br\/index.php?rest_route=%2Fwp%2Fv2%2Fproduct_cat&post=3779"},{"taxonomy":"product_tag","embeddable":true,"href":"https:\/\/www.jjgoldbr.com.br\/index.php?rest_route=%2Fwp%2Fv2%2Fproduct_tag&post=3779"}],"curies":[{"name":"wp","href":"https:\/\/api.w.org\/{rel}","templated":true}]}}