{"id":3776,"date":"2026-05-04T11:15:47","date_gmt":"2026-05-04T14:15:47","guid":{"rendered":"https:\/\/www.jjgoldbr.com.br\/?post_type=product&#038;p=3776"},"modified":"2026-05-04T14:56:28","modified_gmt":"2026-05-04T17:56:28","slug":"tornozeleira-inicial-letra-e-com-coracao","status":"publish","type":"product","link":"https:\/\/www.jjgoldbr.com.br\/?product=tornozeleira-inicial-letra-e-com-coracao","title":{"rendered":"Tornozeleira Inicial Letra E com cora\u00e7\u00e3o"},"content":{"rendered":"<p data-start=\"1748\" data-end=\"1987\">Elegante e cheia de significado, a Tornozeleira Inicial Letra E com Cora\u00e7\u00e3o \u00e9 perfeita para expressar sua personalidade com delicadeza. O detalhe em cora\u00e7\u00e3o adiciona um toque rom\u00e2ntico, tornando a pe\u00e7a ainda mais especial.<\/p>\n<p data-start=\"1989\" data-end=\"2041\">Vers\u00e1til, combina com diferentes estilos e ocasi\u00f5es.<\/p>\n<p data-start=\"2043\" data-end=\"2207\"><strong data-start=\"2043\" data-end=\"2057\">Destaques:<\/strong><br data-start=\"2057\" data-end=\"2060\" \/>\u2022 Pingente com inicial \u201cE\u201d<br data-start=\"2086\" data-end=\"2089\" \/>\u2022 Cora\u00e7\u00e3o delicado e feminino\u00a0<br data-start=\"2121\" data-end=\"2124\" \/>\u2022 Estilo moderno e personalizado<br data-start=\"2156\" data-end=\"2159\" \/>\u2022 Leve e confort\u00e1vel<br data-start=\"2179\" data-end=\"2182\" \/>\u2022 Ideal para presentear<\/p>\n<p data-start=\"2209\" data-end=\"2297\"><strong data-start=\"2209\" data-end=\"2228\">Especifica\u00e7\u00f5es:<\/strong><br data-start=\"2228\" data-end=\"2231\" \/>\u2022 Tipo: Semijoia<br data-start=\"2247\" data-end=\"2250\" \/>\u2022 Cor: Dourado<br data-start=\"2264\" data-end=\"2267\" \/>\u2022 Fecho: Ajust\u00e1vel \/ Lagosta<\/p>\n<p data-start=\"2299\" data-end=\"2439\"><strong data-start=\"2299\" data-end=\"2323\">Cuidados com a pe\u00e7a:<\/strong><br data-start=\"2323\" data-end=\"2326\" \/>Evite contato com \u00e1gua, cremes e perfumes. Guarde em local seco e evite atrito para manter o brilho e acabamento.<\/p>\n","protected":false},"excerpt":{"rendered":"<p>Elegante e cheia de significado, a Tornozeleira Inicial Letra E com Cora\u00e7\u00e3o \u00e9 perfeita para expressar sua personalidade com delicadeza. O detalhe em cora\u00e7\u00e3o adiciona um toque rom\u00e2ntico, tornando a pe\u00e7a ainda mais especial. Vers\u00e1til, combina com diferentes estilos e ocasi\u00f5es. Destaques:\u2022 Pingente com inicial \u201cE\u201d\u2022 Cora\u00e7\u00e3o delicado e feminino\u00a0\u2022 Estilo moderno e personalizado\u2022 Leve [&hellip;]<\/p>\n","protected":false},"featured_media":3806,"template":"","meta":{"content-type":""},"product_brand":[],"product_cat":[72],"product_tag":[],"class_list":{"0":"post-3776","1":"product","2":"type-product","3":"status-publish","4":"has-post-thumbnail","6":"product_cat-tornozeleira","8":"first","9":"instock","10":"sale","11":"shipping-taxable","12":"purchasable","13":"product-type-simple"},"_links":{"self":[{"href":"https:\/\/www.jjgoldbr.com.br\/index.php?rest_route=\/wp\/v2\/product\/3776","targetHints":{"allow":["GET"]}}],"collection":[{"href":"https:\/\/www.jjgoldbr.com.br\/index.php?rest_route=\/wp\/v2\/product"}],"about":[{"href":"https:\/\/www.jjgoldbr.com.br\/index.php?rest_route=\/wp\/v2\/types\/product"}],"wp:featuredmedia":[{"embeddable":true,"href":"https:\/\/www.jjgoldbr.com.br\/index.php?rest_route=\/wp\/v2\/media\/3806"}],"wp:attachment":[{"href":"https:\/\/www.jjgoldbr.com.br\/index.php?rest_route=%2Fwp%2Fv2%2Fmedia&parent=3776"}],"wp:term":[{"taxonomy":"product_brand","embeddable":true,"href":"https:\/\/www.jjgoldbr.com.br\/index.php?rest_route=%2Fwp%2Fv2%2Fproduct_brand&post=3776"},{"taxonomy":"product_cat","embeddable":true,"href":"https:\/\/www.jjgoldbr.com.br\/index.php?rest_route=%2Fwp%2Fv2%2Fproduct_cat&post=3776"},{"taxonomy":"product_tag","embeddable":true,"href":"https:\/\/www.jjgoldbr.com.br\/index.php?rest_route=%2Fwp%2Fv2%2Fproduct_tag&post=3776"}],"curies":[{"name":"wp","href":"https:\/\/api.w.org\/{rel}","templated":true}]}}